{"id":1557,"date":"2023-05-15T23:11:59","date_gmt":"2023-05-15T23:11:59","guid":{"rendered":"https:\/\/www.greska.cat\/politica-de-privacitat\/"},"modified":"2024-01-08T19:30:08","modified_gmt":"2024-01-08T19:30:08","slug":"politica-de-privacitat","status":"publish","type":"page","link":"https:\/\/www.greska.cat\/es\/politica-de-privacitat\/","title":{"rendered":"Politica de privacitat"},"content":{"rendered":"\n<p>SITIO WEB<\/p>\n\n<p>www.greska.cat<\/p>\n\n<p>I. POL\u00cdTICA DE PRIVACIDAD Y PROTECCI\u00d3N DE DATOS<br\/>Respetando lo establecido en la legislaci\u00f3n vigente, Dj para eventos (en adelante, tambi\u00e9n Sitio Web) se<br\/>compromete a adoptar las medidas t\u00e9cnicas y organizativas necesarias, seg\u00fan el nivel de seguridad<br\/>adecuado al riesgo de los datos recogidos.<br\/>Leyes que incorpora esta pol\u00edtica de privacidad<br\/>Esta pol\u00edtica de privacidad est\u00e1 adaptada a la normativa espa\u00f1ola y europea vigente en materia de<br\/>protecci\u00f3n de datos personales en internet. En concreto, la misma respeta las siguientes normas:<br\/>El Reglamento (UE) 2016\/679 del Parlamento Europeo y del Consejo, de 27 de abril de 2016, relativo<br\/>a la protecci\u00f3n de las personas f\u00edsicas en lo que respecta al tratamiento de datos personales y a la<br\/>libre circulaci\u00f3n de estos datos (RGPD).<br\/>La Ley Org\u00e1nica 3\/2018, de 5 de diciembre, de Protecci\u00f3n de Datos Personales y garant\u00eda de los<br\/>derechos digitales (LOPD-GDD).<br\/>El Real Decreto 1720\/2007, de 21 de diciembre, por el que se aprueba el Reglamento de desarrollo<br\/>de la Ley Org\u00e1nica 15\/1999, de 13 de diciembre, de Protecci\u00f3n de Datos de Car\u00e1cter Personal<br\/>(RDLOPD).<br\/>La Ley 34\/2002, de 11 de julio, de Servicios de la Sociedad de la Informaci\u00f3n y de Comercio<br\/>Electr\u00f3nico (LSSI-CE).<br\/>Identidad del responsable del tratamiento de los datos personales<br\/>El responsable del tratamiento de los datos personales recogidos en Dj para eventos es: Francesc Lloveras<br\/>Baiges, con NIF: 77960969P (en adelante, Responsable del tratamiento). Sus datos de contacto son los<br\/>siguientes:<br\/>Direcci\u00f3n: C\/Benet Falp i Matas 17-2o<br\/>Tel\u00e9fono de contacto: +34 609336123<br\/>Email de contacto: info@greska.cat<br\/>Registro de Datos de Car\u00e1cter Personal<br\/>En cumplimiento de lo establecido en el RGPD y la LOPD-GDD, le informamos que los datos personales<br\/>recabados por Dj para eventos, mediante los formularios extendidos en sus p\u00e1ginas quedar\u00e1n<br\/>incorporados y ser\u00e1n tratados en nuestro fichero con el fin de poder facilitar, agilizar y cumplir los<br\/>compromisos establecidos entre Dj para eventos y el Usuario o el mantenimiento de la relaci\u00f3n que se<br\/>establezca en los formularios que este rellene, o para atender una solicitud o consulta del mismo.<\/p>\n\n<p>Asimismo, de conformidad con lo previsto en el RGPD y la LOPD-GDD, salvo que sea de aplicaci\u00f3n la<br\/>excepci\u00f3n prevista en el art\u00edculo 30.5 del RGPD, se mantiene un registro de actividades de tratamiento<br\/>que especifica, seg\u00fan sus finalidades, las actividades de tratamiento llevadas a cabo y las dem\u00e1s<br\/>circunstancias establecidas en el RGPD.<br\/>Principios aplicables al tratamiento de los datos personales<br\/>El tratamiento de los datos personales del Usuario se someter\u00e1 a los siguientes principios recogidos en el<br\/>art\u00edculo 5 del RGPD y en el art\u00edculo 4 y siguientes de la Ley Org\u00e1nica 3\/2018, de 5 de diciembre, de<br\/>Protecci\u00f3n de Datos Personales y garant\u00eda de los derechos digitales:<br\/>Principio de licitud, lealtad y transparencia: se requerir\u00e1 en todo momento el consentimiento del<br\/>Usuario previa informaci\u00f3n completamente transparente de los fines para los cuales se recogen los<br\/>datos personales.<br\/>Principio de limitaci\u00f3n de la finalidad: los datos personales ser\u00e1n recogidos con fines determinados,<br\/>expl\u00edcitos y leg\u00edtimos.<br\/>Principio de minimizaci\u00f3n de datos: los datos personales recogidos ser\u00e1n \u00fanicamente los<br\/>estrictamente necesarios en relaci\u00f3n con los fines para los que son tratados.<br\/>Principio de exactitud: los datos personales deben ser exactos y estar siempre actualizados.<br\/>Principio de limitaci\u00f3n del plazo de conservaci\u00f3n: los datos personales solo ser\u00e1n mantenidos de<br\/>forma que se permita la identificaci\u00f3n del Usuario durante el tiempo necesario para los fines de su<br\/>tratamiento.<br\/>Principio de integridad y confidencialidad: los datos personales ser\u00e1n tratados de manera que se<br\/>garantice su seguridad y confidencialidad.<br\/>Principio de responsabilidad proactiva: el Responsable del tratamiento ser\u00e1 responsable de asegurar<br\/>que los principios anteriores se cumplen.<br\/>Categor\u00edas de datos personales<br\/>Las categor\u00edas de datos que se tratan en Dj para eventos son \u00fanicamente datos identificativos. En ning\u00fan<br\/>caso, se tratan categor\u00edas especiales de datos personales en el sentido del art\u00edculo 9 del RGPD.<br\/>Base legal para el tratamiento de los datos personales<br\/>La base legal para el tratamiento de los datos personales es el consentimiento. Dj para eventos se<br\/>compromete a recabar el consentimiento expreso y verificable del Usuario para el tratamiento de sus<br\/>datos personales para uno o varios fines espec\u00edficos.<br\/>El Usuario tendr\u00e1 derecho a retirar su consentimiento en cualquier momento. Ser\u00e1 tan f\u00e1cil retirar el<br\/>consentimiento como darlo. Como regla general, la retirada del consentimiento no condicionar\u00e1 el uso del<br\/>Sitio Web.<br\/>En las ocasiones en las que el Usuario deba o pueda facilitar sus datos a trav\u00e9s de formularios para<br\/>realizar consultas, solicitar informaci\u00f3n o por motivos relacionados con el contenido del Sitio Web, se le<br\/>informar\u00e1 en caso de que la cumplimentaci\u00f3n de alguno de ellos sea obligatoria debido a que los mismos<br\/>sean imprescindibles para el correcto desarrollo de la operaci\u00f3n realizada.<br\/>Fines del tratamiento a que se destinan los datos personales<br\/>Los datos personales son recabados y gestionados por Dj para eventos con la finalidad de poder facilitar,<br\/>agilizar y cumplir los compromisos establecidos entre el Sitio Web y el Usuario o el mantenimiento de la<br\/>relaci\u00f3n que se establezca en los formularios que este \u00faltimo rellene o para atender una solicitud o<\/p>\n\n<p>consulta.<br\/>Igualmente, los datos podr\u00e1n ser utilizados con una finalidad comercial de personalizaci\u00f3n, operativa y<br\/>estad\u00edstica, y actividades propias del objeto social de Dj para eventos, as\u00ed como para la extracci\u00f3n,<br\/>almacenamiento de datos y estudios de marketing para adecuar el Contenido ofertado al Usuario, as\u00ed<br\/>como mejorar la calidad, funcionamiento y navegaci\u00f3n por el Sitio Web.<br\/>En el momento en que se obtengan los datos personales, se informar\u00e1 al Usuario acerca del fin o fines<br\/>espec\u00edficos del tratamiento a que se destinar\u00e1n los datos personales; es decir, del uso o usos que se dar\u00e1<br\/>a la informaci\u00f3n recopilada.<br\/>Per\u00edodos de retenci\u00f3n de los datos personales<br\/>Los datos personales solo ser\u00e1n retenidos durante el tiempo m\u00ednimo necesario para los fines de su<br\/>tratamiento y, en todo caso, \u00fanicamente durante el siguiente plazo: 1 a\u00f1o, o hasta que el Usuario solicite<br\/>su supresi\u00f3n.<br\/>En el momento en que se obtengan los datos personales, se informar\u00e1 al Usuario acerca del plazo durante<br\/>el cual se conservar\u00e1n los datos personales o, cuando eso no sea posible, los criterios utilizados para<br\/>determinar este plazo.<br\/>Destinatarios de los datos personales<br\/>Los datos personales del Usuario no ser\u00e1n compartidos con terceros.<br\/>En cualquier caso, en el momento en que se obtengan los datos personales, se informar\u00e1 al Usuario acerca<br\/>de los destinatarios o las categor\u00edas de destinatarios de los datos personales.<br\/>Datos personales de menores de edad<br\/>Respetando lo establecido en los art\u00edculos 8 del RGPD y 7 de la Ley Org\u00e1nica 3\/2018, de 5 de diciembre,<br\/>de Protecci\u00f3n de Datos Personales y garant\u00eda de los derechos digitales, solo los mayores de 14 a\u00f1os<br\/>podr\u00e1n otorgar su consentimiento para el tratamiento de sus datos personales de forma l\u00edcita por Dj para<br\/>eventos. Si se trata de un menor de 14 a\u00f1os, ser\u00e1 necesario el consentimiento de los padres o tutores para<br\/>el tratamiento, y este solo se considerar\u00e1 l\u00edcito en la medida en la que los mismos lo hayan autorizado.<br\/>Secreto y seguridad de los datos personales<br\/>Dj para eventos se compromete a adoptar las medidas t\u00e9cnicas y organizativas necesarias, seg\u00fan el nivel<br\/>de seguridad adecuado al riesgo de los datos recogidos, de forma que se garantice la seguridad de los<br\/>datos de car\u00e1cter personal y se evite la destrucci\u00f3n, p\u00e9rdida o alteraci\u00f3n accidental o il\u00edcita de datos<br\/>personales transmitidos, conservados o tratados de otra forma, o la comunicaci\u00f3n o acceso no autorizados<br\/>a dichos datos.<br\/>El Sitio Web cuenta con un certificado SSL (Secure Socket Layer), que asegura que los datos personales se<br\/>transmiten de forma segura y confidencial, al ser la transmisi\u00f3n de los datos entre el servidor y el Usuario,<br\/>y en retroalimentaci\u00f3n, totalmente cifrada o encriptada.<br\/>Sin embargo, debido a que Dj para eventos no puede garantizar la inexpugnabilidad de internet ni la<br\/>ausencia total de hackers u otros que accedan de modo fraudulento a los datos personales, el Responsable<br\/>del tratamiento se compromete a comunicar al Usuario sin dilaci\u00f3n indebida cuando ocurra una violaci\u00f3n<br\/>de la seguridad de los datos personales que sea probable que entra\u00f1e un alto riesgo para los derechos y<br\/>libertades de las personas f\u00edsicas. Siguiendo lo establecido en el art\u00edculo 4 del RGPD, se entiende por<\/p>\n\n<p>violaci\u00f3n de la seguridad de los datos personales toda violaci\u00f3n de la seguridad que ocasione la<br\/>destrucci\u00f3n, p\u00e9rdida o alteraci\u00f3n accidental o il\u00edcita de datos personales transmitidos, conservados o<br\/>tratados de otra forma, o la comunicaci\u00f3n o acceso no autorizados a dichos datos.<br\/>Los datos personales ser\u00e1n tratados como confidenciales por el Responsable del tratamiento, quien se<br\/>compromete a informar de y a garantizar por medio de una obligaci\u00f3n legal o contractual que dicha<br\/>confidencialidad sea respetada por sus empleados, asociados, y toda persona a la cual le haga accesible la<br\/>informaci\u00f3n.<br\/>Derechos derivados del tratamiento de los datos personales<br\/>El Usuario tiene sobre Dj para eventos y podr\u00e1, por tanto, ejercer frente al Responsable del tratamiento los<br\/>siguientes derechos reconocidos en el RGPD y la Ley Org\u00e1nica 3\/2018, de 5 de diciembre, de Protecci\u00f3n de<br\/>Datos Personales y garant\u00eda de los derechos digitales:<br\/>Derecho de acceso: Es el derecho del Usuario a obtener confirmaci\u00f3n de si Dj para eventos est\u00e1<br\/>tratando o no sus datos personales y, en caso afirmativo, obtener informaci\u00f3n sobre sus datos<br\/>concretos de car\u00e1cter personal y del tratamiento que Dj para eventos haya realizado o realice, as\u00ed<br\/>como, entre otra, de la informaci\u00f3n disponible sobre el origen de dichos datos y los destinatarios de<br\/>las comunicaciones realizadas o previstas de los mismos.<br\/>Derecho de rectificaci\u00f3n: Es el derecho del Usuario a que se modifiquen sus datos personales que<br\/>resulten ser inexactos o, teniendo en cuenta los fines del tratamiento, incompletos.<br\/>Derecho de supresi\u00f3n (\\\u00bbel derecho al olvido\\\u00bb): Es el derecho del Usuario, siempre que la legislaci\u00f3n<br\/>vigente no establezca lo contrario, a obtener la supresi\u00f3n de sus datos personales cuando estos ya<br\/>no sean necesarios para los fines para los cuales fueron recogidos o tratados; el Usuario haya<br\/>retirado su consentimiento al tratamiento y este no cuente con otra base legal; el Usuario se oponga<br\/>al tratamiento y no exista otro motivo leg\u00edtimo para continuar con el mismo; los datos personales<br\/>hayan sido tratados il\u00edcitamente; los datos personales deban suprimirse en cumplimiento de una<br\/>obligaci\u00f3n legal; o los datos personales hayan sido obtenidos producto de una oferta directa de<br\/>servicios de la sociedad de la informaci\u00f3n a un menor de 14 a\u00f1os. Adem\u00e1s de suprimir los datos, el<br\/>Responsable del tratamiento, teniendo en cuenta la tecnolog\u00eda disponible y el coste de su<br\/>aplicaci\u00f3n, deber\u00e1 adoptar medidas razonables para informar a los responsables que est\u00e9n tratando<br\/>los datos personales de la solicitud del interesado de supresi\u00f3n de cualquier enlace a esos datos<br\/>personales.<br\/>Derecho a la limitaci\u00f3n del tratamiento: Es el derecho del Usuario a limitar el tratamiento de sus<br\/>datos personales. El Usuario tiene derecho a obtener la limitaci\u00f3n del tratamiento cuando impugne<br\/>la exactitud de sus datos personales; el tratamiento sea il\u00edcito; el Responsable del tratamiento ya no<br\/>necesite los datos personales, pero el Usuario lo necesite para hacer reclamaciones; y cuando el<br\/>Usuario se haya opuesto al tratamiento.<br\/>Derecho a la portabilidad de los datos: En caso de que el tratamiento se efect\u00fae por medios<br\/>automatizados, el Usuario tendr\u00e1 derecho a recibir del Responsable del tratamiento sus datos<br\/>personales en un formato estructurado, de uso com\u00fan y lectura mec\u00e1nica, y a transmitirlos a otro<br\/>responsable del tratamiento. Siempre que sea t\u00e9cnicamente posible, el Responsable del tratamiento<br\/>transmitir\u00e1 directamente los datos a ese otro responsable.<br\/>Derecho de oposici\u00f3n: Es el derecho del Usuario a que no se lleve a cabo el tratamiento de sus datos<br\/>de car\u00e1cter personal o se cese el tratamiento de los mismos por parte de Dj para eventos.<br\/>Derecho a no ser objeto de una decisi\u00f3n basada \u00fanicamente en el tratamiento automatizado,<br\/>incluida la elaboraci\u00f3n de perfiles: Es el derecho del Usuario a no ser objeto de una decisi\u00f3n<br\/>individualizada basada \u00fanicamente en el tratamiento automatizado de sus datos personales,<br\/>incluida la elaboraci\u00f3n de perfiles, existente salvo que la legislaci\u00f3n vigente establezca lo contrario.<br\/>As\u00ed pues, el Usuario podr\u00e1 ejercitar sus derechos mediante comunicaci\u00f3n escrita dirigida al Responsable<br\/>del tratamiento con la referencia \\\u00bbRGPD-www.greska.cat\\\u00bb, especificando:<\/p>\n\n<p>Nombre, apellidos del Usuario y copia del DNI. En los casos en que se admita la representaci\u00f3n, ser\u00e1<br\/>tambi\u00e9n necesaria la identificaci\u00f3n por el mismo medio de la persona que representa al Usuario, as\u00ed<br\/>como el documento acreditativo de la representaci\u00f3n. La fotocopia del DNI podr\u00e1 ser sustituida, por<br\/>cualquier otro medio v\u00e1lido en derecho que acredite la identidad.<br\/>Petici\u00f3n con los motivos espec\u00edficos de la solicitud o informaci\u00f3n a la que se quiere acceder.<br\/>Domicilio a efecto de notificaciones.<br\/>Fecha y firma del solicitante.<br\/>Todo documento que acredite la petici\u00f3n que formula.<br\/>Esta solicitud y todo otro documento adjunto podr\u00e1 enviarse a la siguiente direcci\u00f3n y\/o correo electr\u00f3nico:<br\/>Direcci\u00f3n postal: C\/Benet Falp i Matas 17-2o<br\/>Correo electr\u00f3nico: info@greska.cat<br\/>Enlaces a sitios web de terceros<br\/>El Sitio Web puede incluir hiperv\u00ednculos o enlaces que permiten acceder a p\u00e1ginas web de terceros<br\/>distintos de Dj para eventos, y que por tanto no son operados por Dj para eventos. Los titulares de dichos<br\/>sitios web dispondr\u00e1n de sus propias pol\u00edticas de protecci\u00f3n de datos, siendo ellos mismos, en cada caso,<br\/>responsables de sus propios ficheros y de sus propias pr\u00e1cticas de privacidad.<br\/>Reclamaciones ante la autoridad de control<br\/>En caso de que el Usuario considere que existe un problema o infracci\u00f3n de la normativa vigente en la<br\/>forma en la que se est\u00e1n tratando sus datos personales, tendr\u00e1 derecho a la tutela judicial efectiva y a<br\/>presentar una reclamaci\u00f3n ante una autoridad de control, en particular, en el Estado en el que tenga su<br\/>residencia habitual, lugar de trabajo o lugar de la supuesta infracci\u00f3n. En el caso de Espa\u00f1a, la autoridad<br\/>de control es la Agencia Espa\u00f1ola de Protecci\u00f3n de Datos (https:\/\/www.aepd.es\/).<br\/>II. ACEPTACI\u00d3N Y CAMBIOS EN ESTA POL\u00cdTICA DE<br\/>PRIVACIDAD<br\/>Es necesario que el Usuario haya le\u00eddo y est\u00e9 conforme con las condiciones sobre la protecci\u00f3n de datos<br\/>de car\u00e1cter personal contenidas en esta Pol\u00edtica de Privacidad, as\u00ed como que acepte el tratamiento de sus<br\/>datos personales para que el Responsable del tratamiento pueda proceder al mismo en la forma, durante<br\/>los plazos y para las finalidades indicadas. El uso del Sitio Web implicar\u00e1 la aceptaci\u00f3n de la Pol\u00edtica de<br\/>Privacidad del mismo.<br\/>Dj para eventos se reserva el derecho a modificar su Pol\u00edtica de Privacidad, de acuerdo a su propio criterio,<br\/>o motivado por un cambio legislativo, jurisprudencial o doctrinal de la Agencia Espa\u00f1ola de Protecci\u00f3n de<br\/>Datos. Los cambios o actualizaciones de esta Pol\u00edtica de Privacidad no ser\u00e1n notificados de forma expl\u00edcita<br\/>al Usuario. Se recomienda al Usuario consultar esta p\u00e1gina de forma peri\u00f3dica para estar al tanto de los<br\/>\u00faltimos cambios o actualizaciones.<br\/>Esta Pol\u00edtica de Privacidad fue actualizada para adaptarse al Reglamento (UE) 2016\/679 del Parlamento<br\/>Europeo y del Consejo, de 27 de abril de 2016, relativo a la protecci\u00f3n de las personas f\u00edsicas en lo que<br\/>respecta al tratamiento de datos personales y a la libre circulaci\u00f3n de estos datos (RGPD) y a la Ley<br\/>Org\u00e1nica 3\/2018, de 5 de diciembre, de Protecci\u00f3n de Datos Personales y garant\u00eda de los derechos<br\/>digitales.<br\/>Este documento de Pol\u00edtica de Privacidad de un sitio web ha sido creado mediante el generador de plantilla<\/p>\n\n<p>de pol\u00edtica de privacidad web gratis online el d\u00eda 08\/01\/2024.<\/p>\n","protected":false},"excerpt":{"rendered":"<p>SITIO WEB www.greska.cat I. POL\u00cdTICA DE PRIVACIDAD Y PROTECCI\u00d3N DE DATOSRespetando lo establecido en la legislaci\u00f3n vigente, Dj para eventos (en adelante, tambi\u00e9n Sitio Web) secompromete a adoptar las medidas t\u00e9cnicas y organizativas necesarias, seg\u00fan el nivel de seguridadadecuado al riesgo de los datos recogidos.Leyes que incorpora esta pol\u00edtica de privacidadEsta pol\u00edtica de privacidad est\u00e1 [&hellip;]<\/p>\n","protected":false},"author":1,"featured_media":0,"parent":0,"menu_order":0,"comment_status":"closed","ping_status":"closed","template":"","meta":{"_uag_custom_page_level_css":"","site-sidebar-layout":"default","site-content-layout":"","ast-site-content-layout":"default","site-content-style":"default","site-sidebar-style":"default","ast-global-header-display":"","ast-banner-title-visibility":"","ast-main-header-display":"","ast-hfb-above-header-display":"","ast-hfb-below-header-display":"","ast-hfb-mobile-header-display":"","site-post-title":"","ast-breadcrumbs-content":"","ast-featured-img":"","footer-sml-layout":"","ast-disable-related-posts":"","theme-transparent-header-meta":"","adv-header-id-meta":"","stick-header-meta":"","header-above-stick-meta":"","header-main-stick-meta":"","header-below-stick-meta":"","astra-migrate-meta-layouts":"default","ast-page-background-enabled":"default","ast-page-background-meta":{"desktop":{"background-color":"","background-image":"","background-repeat":"repeat","background-position":"center center","background-size":"auto","background-attachment":"scroll","background-type":"","background-media":"","overlay-type":"","overlay-color":"","overlay-opacity":"","overlay-gradient":""},"tablet":{"background-color":"","background-image":"","background-repeat":"repeat","background-position":"center center","background-size":"auto","background-attachment":"scroll","background-type":"","background-media":"","overlay-type":"","overlay-color":"","overlay-opacity":"","overlay-gradient":""},"mobile":{"background-color":"","background-image":"","background-repeat":"repeat","background-position":"center center","background-size":"auto","background-attachment":"scroll","background-type":"","background-media":"","overlay-type":"","overlay-color":"","overlay-opacity":"","overlay-gradient":""}},"ast-content-background-meta":{"desktop":{"background-color":"var(--ast-global-color-5)","background-image":"","background-repeat":"repeat","background-position":"center center","background-size":"auto","background-attachment":"scroll","background-type":"","background-media":"","overlay-type":"","overlay-color":"","overlay-opacity":"","overlay-gradient":""},"tablet":{"background-color":"var(--ast-global-color-5)","background-image":"","background-repeat":"repeat","background-position":"center center","background-size":"auto","background-attachment":"scroll","background-type":"","background-media":"","overlay-type":"","overlay-color":"","overlay-opacity":"","overlay-gradient":""},"mobile":{"background-color":"var(--ast-global-color-5)","background-image":"","background-repeat":"repeat","background-position":"center center","background-size":"auto","background-attachment":"scroll","background-type":"","background-media":"","overlay-type":"","overlay-color":"","overlay-opacity":"","overlay-gradient":""}},"footnotes":""},"class_list":["post-1557","page","type-page","status-publish","hentry"],"uagb_featured_image_src":{"full":false,"thumbnail":false,"medium":false,"medium_large":false,"large":false,"1536x1536":false,"2048x2048":false},"uagb_author_info":{"display_name":"admin","author_link":"https:\/\/www.greska.cat\/es\/author\/admin\/"},"uagb_comment_info":0,"uagb_excerpt":"SITIO WEB www.greska.cat I. POL\u00cdTICA DE PRIVACIDAD Y PROTECCI\u00d3N DE DATOSRespetando lo establecido en la legislaci\u00f3n vigente, Dj para eventos (en adelante, tambi\u00e9n Sitio Web) secompromete a adoptar las medidas t\u00e9cnicas y organizativas necesarias, seg\u00fan el nivel de seguridadadecuado al riesgo de los datos recogidos.Leyes que incorpora esta pol\u00edtica de privacidadEsta pol\u00edtica de privacidad est\u00e1&hellip;","_links":{"self":[{"href":"https:\/\/www.greska.cat\/es\/wp-json\/wp\/v2\/pages\/1557","targetHints":{"allow":["GET"]}}],"collection":[{"href":"https:\/\/www.greska.cat\/es\/wp-json\/wp\/v2\/pages"}],"about":[{"href":"https:\/\/www.greska.cat\/es\/wp-json\/wp\/v2\/types\/page"}],"author":[{"embeddable":true,"href":"https:\/\/www.greska.cat\/es\/wp-json\/wp\/v2\/users\/1"}],"replies":[{"embeddable":true,"href":"https:\/\/www.greska.cat\/es\/wp-json\/wp\/v2\/comments?post=1557"}],"version-history":[{"count":3,"href":"https:\/\/www.greska.cat\/es\/wp-json\/wp\/v2\/pages\/1557\/revisions"}],"predecessor-version":[{"id":1560,"href":"https:\/\/www.greska.cat\/es\/wp-json\/wp\/v2\/pages\/1557\/revisions\/1560"}],"wp:attachment":[{"href":"https:\/\/www.greska.cat\/es\/wp-json\/wp\/v2\/media?parent=1557"}],"curies":[{"name":"wp","href":"https:\/\/api.w.org\/{rel}","templated":true}]}}