{"id":1551,"date":"2024-01-08T19:07:09","date_gmt":"2024-01-08T19:07:09","guid":{"rendered":"https:\/\/www.greska.cat\/avis-legal\/"},"modified":"2024-01-08T19:21:31","modified_gmt":"2024-01-08T19:21:31","slug":"avis-legal","status":"publish","type":"page","link":"https:\/\/www.greska.cat\/es\/avis-legal\/","title":{"rendered":"Avis legal"},"content":{"rendered":"\n<p>I. INFORMACI\u00d3N GENERAL<br\/>En cumplimiento con el deber de informaci\u00f3n dispuesto en la Ley 34\/2002 de Servicios de la Sociedad de<br\/>la Informaci\u00f3n y el Comercio Electr\u00f3nico (LSSI-CE) de 11 de julio, se facilitan a continuaci\u00f3n los siguientes<br\/>datos de informaci\u00f3n general de este sitio web:<br\/>La titularidad de este sitio web, www.greska.cat, (en adelante, Sitio Web) la ostenta: Francesc Lloveras<br\/>Baiges, con NIF: 77960969P, y cuyos datos de contacto son:<br\/>Direcci\u00f3n: C\/Benet Falp i Matas 17-2. 17480 Roses (Girona)<br\/>Tel\u00e9fono de contacto: +34 609336123<br\/>Email de contacto: info@greska.cat<br\/>II. T\u00c9RMINOS Y CONDICIONES GENERALES DE USO<br\/>El objeto de las condiciones: El Sitio Web<br\/>El objeto de las presentes Condiciones Generales de Uso (en adelante, Condiciones) es regular el acceso y<br\/>la utilizaci\u00f3n del Sitio Web. A los efectos de las presentes Condiciones se entender\u00e1 como Sitio Web: la<br\/>apariencia externa de los interfaces de pantalla, tanto de forma est\u00e1tica como de forma din\u00e1mica, es<br\/>decir, el \u00e1rbol de navegaci\u00f3n; y todos los elementos integrados tanto en los interfaces de pantalla como en<br\/>el \u00e1rbol de navegaci\u00f3n (en adelante, Contenidos) y todos aquellos servicios o recursos en l\u00ednea que en su<br\/>caso ofrezca a los Usuarios (en adelante, Servicios).<br\/>Dj para eventos se reserva la facultad de modificar, en cualquier momento, y sin aviso previo, la<br\/>presentaci\u00f3n y configuraci\u00f3n del Sitio Web y de los Contenidos y Servicios que en \u00e9l pudieran estar<br\/>incorporados. El Usuario reconoce y acepta que en cualquier momento Dj para eventos pueda interrumpir,<br\/>desactivar y\/o cancelar cualquiera de estos elementos que se integran en el Sitio Web o el acceso a los<br\/>mismos.<br\/>El acceso al Sitio Web por el Usuario tiene car\u00e1cter libre y, por regla general, es gratuito sin que el Usuario<br\/>tenga que proporcionar una contraprestaci\u00f3n para poder disfrutar de ello, salvo en lo relativo al coste de<br\/>conexi\u00f3n a trav\u00e9s de la red de telecomunicaciones suministrada por el proveedor de acceso que hubiere<br\/>contratado el Usuario.<br\/>La utilizaci\u00f3n de alguno de los Contenidos o Servicios del Sitio Web podr\u00e1 hacerse mediante la suscripci\u00f3n<br\/>o registro previo del Usuario.<\/p>\n\n<p>El Usuario<br\/>El acceso, la navegaci\u00f3n y uso del Sitio Web, as\u00ed como por los espacios habilitados para interactuar entre<br\/>los Usuarios, y el Usuario y Dj para eventos, como los comentarios y\/o espacios de blogging, confiere la<br\/>condici\u00f3n de Usuario, por lo que se aceptan, desde que se inicia la navegaci\u00f3n por el Sitio Web, todas las<br\/>Condiciones aqu\u00ed establecidas, as\u00ed como sus ulteriores modificaciones, sin perjuicio de la aplicaci\u00f3n de la<br\/>correspondiente normativa legal de obligado cumplimiento seg\u00fan el caso. Dada la relevancia de lo<br\/>anterior, se recomienda al Usuario leerlas cada vez que visite el Sitio Web.<br\/>El Sitio Web de Dj para eventos proporciona gran diversidad de informaci\u00f3n, servicios y datos. El Usuario<br\/>asume su responsabilidad para realizar un uso correcto del Sitio Web. Esta responsabilidad se extender\u00e1 a:<br\/>Un uso de la informaci\u00f3n, Contenidos y\/o Servicios y datos ofrecidos por Dj para eventos sin que sea<br\/>contrario a lo dispuesto por las presentes Condiciones, la Ley, la moral o el orden p\u00fablico, o que de<br\/>cualquier otro modo puedan suponer lesi\u00f3n de los derechos de terceros o del mismo funcionamiento<br\/>del Sitio Web.<br\/>La veracidad y licitud de las informaciones aportadas por el Usuario en los formularios extendidos<br\/>por Dj para eventos para el acceso a ciertos Contenidos o Servicios ofrecidos por el Sitio Web. En<br\/>todo caso, el Usuario notificar\u00e1 de forma inmediata a Dj para eventos acerca de cualquier hecho que<br\/>permita el uso indebido de la informaci\u00f3n registrada en dichos formularios, tales como, pero no solo,<br\/>el robo, extrav\u00edo, o el acceso no autorizado a identificadores y\/o contrase\u00f1as, con el fin de proceder<br\/>a su inmediata cancelaci\u00f3n.<br\/>Dj para eventos se reserva el derecho de retirar todos aquellos comentarios y aportaciones que vulneren<br\/>la ley, el respeto a la dignidad de la persona, que sean discriminatorios, xen\u00f3fobos, racistas, pornogr\u00e1ficos,<br\/>spamming, que atenten contra la juventud o la infancia, el orden o la seguridad p\u00fablica o que, a su juicio,<br\/>no resultaran adecuados para su publicaci\u00f3n.<br\/>En cualquier caso, Dj para eventos no ser\u00e1 responsable de las opiniones vertidas por los Usuarios a trav\u00e9s<br\/>de comentarios u otras herramientas de blogging o de participaci\u00f3n que pueda haber.<br\/>El mero acceso a este Sitio Web no supone entablar ning\u00fan tipo de relaci\u00f3n de car\u00e1cter comercial entre Dj<br\/>para eventos y el Usuario.<br\/>El Usuario declara ser mayor de edad y disponer de la capacidad jur\u00eddica suficiente para vincularse por las<br\/>presentes Condiciones. Por lo tanto, este Sitio Web de Dj para eventos no se dirige a menores de edad. Dj<br\/>para eventos declina cualquier responsabilidad por el incumplimiento de este requisito.<br\/>El Sitio Web est\u00e1 dirigido principalmente a Usuarios residentes en Espa\u00f1a. Dj para eventos no asegura que<br\/>el Sitio Web cumpla con legislaciones de otros pa\u00edses, ya sea total o parcialmente. Si el Usuario reside o<br\/>tiene su domiciliado en otro lugar y decide acceder y\/o navegar en el Sitio Web lo har\u00e1 bajo su propia<br\/>responsabilidad, deber\u00e1 asegurarse de que tal acceso y navegaci\u00f3n cumple con la legislaci\u00f3n local que le<br\/>es aplicable, no asumiendo Dj para eventos responsabilidad alguna que se pueda derivar de dicho acceso.<br\/>III. ACCESO Y NAVEGACI\u00d3N EN EL SITIO WEB:<br\/>EXCLUSI\u00d3N DE GARANT\u00cdAS Y RESPONSABILIDAD<br\/>Dj para eventos no garantiza la continuidad, disponibilidad y utilidad del Sitio Web, ni de los Contenidos o<br\/>Servicios. Dj para eventos har\u00e1 todo lo posible por el buen funcionamiento del Sitio Web, sin embargo, no<br\/>se responsabiliza ni garantiza que el acceso a este Sitio Web no vaya a ser ininterrumpido o que est\u00e9 libre<br\/>de error.<\/p>\n\n<p>Tampoco se responsabiliza o garantiza que el contenido o software al que pueda accederse a trav\u00e9s de<br\/>este Sitio Web, est\u00e9 libre de error o cause un da\u00f1o al sistema inform\u00e1tico (software y hardware) del<br\/>Usuario. En ning\u00fan caso Dj para eventos ser\u00e1 responsable por las p\u00e9rdidas, da\u00f1os o perjuicios de cualquier<br\/>tipo que surjan por el acceso, navegaci\u00f3n y el uso del Sitio Web, incluy\u00e9ndose, pero no limit\u00e1ndose, a los<br\/>ocasionados a los sistemas inform\u00e1ticos o los provocados por la introducci\u00f3n de virus.<br\/>Dj para eventos tampoco se hace responsable de los da\u00f1os que pudiesen ocasionarse a los usuarios por un<br\/>uso inadecuado de este Sitio Web. En particular, no se hace responsable en modo alguno de las ca\u00eddas,<br\/>interrupciones, falta o defecto de las telecomunicaciones que pudieran ocurrir.<br\/>IV. POL\u00cdTICA DE ENLACES<br\/>Se informa que el Sitio Web de Dj para eventos pone o puede poner a disposici\u00f3n de los Usuarios medios<br\/>de enlace (como, entre otros, links, banners, botones), directorios y motores de b\u00fasqueda que permiten a<br\/>los Usuarios acceder a sitios web pertenecientes y\/o gestionados por terceros.<br\/>La instalaci\u00f3n de estos enlaces, directorios y motores de b\u00fasqueda en el Sitio Web tiene por objeto facilitar<br\/>a los Usuarios la b\u00fasqueda de y acceso a la informaci\u00f3n disponible en Internet, sin que pueda considerarse<br\/>una sugerencia, recomendaci\u00f3n o invitaci\u00f3n para la visita de los mismos.<br\/>Dj para eventos no ofrece ni comercializa por s\u00ed ni por medio de terceros los productos y\/o servicios<br\/>disponibles en dichos sitios enlazados.<br\/>Asimismo, tampoco garantizar\u00e1 la disponibilidad t\u00e9cnica, exactitud, veracidad, validez o legalidad de sitios<br\/>ajenos a su propiedad a los que se pueda acceder por medio de los enlaces.<br\/>Dj para eventos en ning\u00fan caso revisar\u00e1 o controlar\u00e1 el contenido de otros sitios web, as\u00ed como tampoco<br\/>aprueba, examina ni hace propios los productos y servicios, contenidos, archivos y cualquier otro material<br\/>existente en los referidos sitios enlazados.<br\/>Dj para eventos no asume ninguna responsabilidad por los da\u00f1os y perjuicios que pudieran producirse por<br\/>el acceso, uso, calidad o licitud de los contenidos, comunicaciones, opiniones, productos y servicios de los<br\/>sitios web no gestionados por Dj para eventos y que sean enlazados en este Sitio Web.<br\/>El Usuario o tercero que realice un hiperv\u00ednculo desde una p\u00e1gina web de otro, distinto, sitio web al Sitio<br\/>Web de Dj para eventos deber\u00e1 saber que:<br\/>No se permite la reproducci\u00f3n \u2014total o parcialmente\u2014 de ninguno de los Contenidos y\/o Servicios del Sitio<br\/>Web sin autorizaci\u00f3n expresa de Dj para eventos.<br\/>No se permite tampoco ninguna manifestaci\u00f3n falsa, inexacta o incorrecta sobre el Sitio Web de Dj para<br\/>eventos, ni sobre los Contenidos y\/o Servicios del mismo.<br\/>A excepci\u00f3n del hiperv\u00ednculo, el sitio web en el que se establezca dicho hiperenlace no contendr\u00e1 ning\u00fan<br\/>elemento, de este Sitio Web, protegido como propiedad intelectual por el ordenamiento jur\u00eddico espa\u00f1ol,<br\/>salvo autorizaci\u00f3n expresa de Dj para eventos.<br\/>El establecimiento del hiperv\u00ednculo no implicar\u00e1 la existencia de relaciones entre Dj para eventos y el<br\/>titular del sitio web desde el cual se realice, ni el conocimiento y aceptaci\u00f3n de Dj para eventos de los<br\/>contenidos, servicios y\/o actividades ofrecidas en dicho sitio web, y viceversa.<\/p>\n\n<p>V. PROPIEDAD INTELECTUAL E INDUSTRIAL<br\/>Dj para eventos por s\u00ed o como parte cesionaria, es titular de todos los derechos de propiedad intelectual e<br\/>industrial del Sitio Web, as\u00ed como de los elementos contenidos en el mismo (a t\u00edtulo enunciativo y no<br\/>exhaustivo, im\u00e1genes, sonido, audio, v\u00eddeo, software o textos, marcas o logotipos, combinaciones de<br\/>colores, estructura y dise\u00f1o, selecci\u00f3n de materiales usados, programas de ordenador necesarios para su<br\/>funcionamiento, acceso y uso, etc.). Ser\u00e1n, por consiguiente, obras protegidas como propiedad intelectual<br\/>por el ordenamiento jur\u00eddico espa\u00f1ol, si\u00e9ndoles aplicables tanto la normativa espa\u00f1ola y comunitaria en<br\/>este campo, como los tratados internacionales relativos a la materia y suscritos por Espa\u00f1a.<br\/>Todos los derechos reservados. En virtud de lo dispuesto en la Ley de Propiedad Intelectual, quedan<br\/>expresamente prohibidas la reproducci\u00f3n, la distribuci\u00f3n y la comunicaci\u00f3n p\u00fablica, incluida su modalidad<br\/>de puesta a disposici\u00f3n, de la totalidad o parte de los contenidos de esta p\u00e1gina web, con fines<br\/>comerciales, en cualquier soporte y por cualquier medio t\u00e9cnico, sin la autorizaci\u00f3n de Dj para eventos.<br\/>El Usuario se compromete a respetar los derechos de propiedad intelectual e industrial de Dj para eventos.<br\/>Podr\u00e1 visualizar los elementos del Sitio Web o incluso imprimirlos, copiarlos y almacenarlos en el disco<br\/>duro de su ordenador o en cualquier otro soporte f\u00edsico siempre y cuando sea, exclusivamente, para su uso<br\/>personal. El Usuario, sin embargo, no podr\u00e1 suprimir, alterar, o manipular cualquier dispositivo de<br\/>protecci\u00f3n o sistema de seguridad que estuviera instalado en el Sitio Web.<br\/>En caso de que el Usuario o tercero considere que cualquiera de los Contenidos del Sitio Web suponga una<br\/>violaci\u00f3n de los derechos de protecci\u00f3n de la propiedad intelectual, deber\u00e1 comunicarlo inmediatamente a<br\/>Dj para eventos a trav\u00e9s de los datos de contacto del apartado de INFORMACI\u00d3N GENERAL de este Aviso<br\/>Legal y Condiciones Generales de Uso.<br\/>VI. ACCIONES LEGALES, LEGISLACI\u00d3N APLICABLE Y<br\/>JURISDICCI\u00d3N<br\/>Dj para eventos se reserva la facultad de presentar las acciones civiles o penales que considere necesarias<br\/>por la utilizaci\u00f3n indebida del Sitio Web y Contenidos, o por el incumplimiento de las presentes<br\/>Condiciones.<br\/>La relaci\u00f3n entre el Usuario y Dj para eventos se regir\u00e1 por la normativa vigente y de aplicaci\u00f3n en el<br\/>territorio espa\u00f1ol. De surgir cualquier controversia en relaci\u00f3n con la interpretaci\u00f3n y\/o a la aplicaci\u00f3n de<br\/>estas Condiciones las partes someter\u00e1n sus conflictos a la jurisdicci\u00f3n ordinaria someti\u00e9ndose a los jueces<br\/>y tribunales que correspondan conforme a derecho.<br\/>Este documento de Aviso Legal y Condiciones Generales de uso del sitio web ha sido creado mediante el<br\/>generador de plantilla de aviso legal y condiciones de uso online el d\u00eda 08\/01\/2024.<\/p>\n","protected":false},"excerpt":{"rendered":"<p>I. INFORMACI\u00d3N GENERALEn cumplimiento con el deber de informaci\u00f3n dispuesto en la Ley 34\/2002 de Servicios de la Sociedad dela Informaci\u00f3n y el Comercio Electr\u00f3nico (LSSI-CE) de 11 de julio, se facilitan a continuaci\u00f3n los siguientesdatos de informaci\u00f3n general de este sitio web:La titularidad de este sitio web, www.greska.cat, (en adelante, Sitio Web) la ostenta: [&hellip;]<\/p>\n","protected":false},"author":1,"featured_media":0,"parent":0,"menu_order":0,"comment_status":"closed","ping_status":"closed","template":"","meta":{"_uag_custom_page_level_css":"","site-sidebar-layout":"default","site-content-layout":"","ast-site-content-layout":"default","site-content-style":"default","site-sidebar-style":"default","ast-global-header-display":"","ast-banner-title-visibility":"","ast-main-header-display":"","ast-hfb-above-header-display":"","ast-hfb-below-header-display":"","ast-hfb-mobile-header-display":"","site-post-title":"","ast-breadcrumbs-content":"","ast-featured-img":"","footer-sml-layout":"","ast-disable-related-posts":"","theme-transparent-header-meta":"","adv-header-id-meta":"","stick-header-meta":"","header-above-stick-meta":"","header-main-stick-meta":"","header-below-stick-meta":"","astra-migrate-meta-layouts":"default","ast-page-background-enabled":"default","ast-page-background-meta":{"desktop":{"background-color":"","background-image":"","background-repeat":"repeat","background-position":"center center","background-size":"auto","background-attachment":"scroll","background-type":"","background-media":"","overlay-type":"","overlay-color":"","overlay-opacity":"","overlay-gradient":""},"tablet":{"background-color":"","background-image":"","background-repeat":"repeat","background-position":"center center","background-size":"auto","background-attachment":"scroll","background-type":"","background-media":"","overlay-type":"","overlay-color":"","overlay-opacity":"","overlay-gradient":""},"mobile":{"background-color":"","background-image":"","background-repeat":"repeat","background-position":"center center","background-size":"auto","background-attachment":"scroll","background-type":"","background-media":"","overlay-type":"","overlay-color":"","overlay-opacity":"","overlay-gradient":""}},"ast-content-background-meta":{"desktop":{"background-color":"var(--ast-global-color-5)","background-image":"","background-repeat":"repeat","background-position":"center center","background-size":"auto","background-attachment":"scroll","background-type":"","background-media":"","overlay-type":"","overlay-color":"","overlay-opacity":"","overlay-gradient":""},"tablet":{"background-color":"var(--ast-global-color-5)","background-image":"","background-repeat":"repeat","background-position":"center center","background-size":"auto","background-attachment":"scroll","background-type":"","background-media":"","overlay-type":"","overlay-color":"","overlay-opacity":"","overlay-gradient":""},"mobile":{"background-color":"var(--ast-global-color-5)","background-image":"","background-repeat":"repeat","background-position":"center center","background-size":"auto","background-attachment":"scroll","background-type":"","background-media":"","overlay-type":"","overlay-color":"","overlay-opacity":"","overlay-gradient":""}},"footnotes":""},"class_list":["post-1551","page","type-page","status-publish","hentry"],"uagb_featured_image_src":{"full":false,"thumbnail":false,"medium":false,"medium_large":false,"large":false,"1536x1536":false,"2048x2048":false},"uagb_author_info":{"display_name":"admin","author_link":"https:\/\/www.greska.cat\/es\/author\/admin\/"},"uagb_comment_info":0,"uagb_excerpt":"I. INFORMACI\u00d3N GENERALEn cumplimiento con el deber de informaci\u00f3n dispuesto en la Ley 34\/2002 de Servicios de la Sociedad dela Informaci\u00f3n y el Comercio Electr\u00f3nico (LSSI-CE) de 11 de julio, se facilitan a continuaci\u00f3n los siguientesdatos de informaci\u00f3n general de este sitio web:La titularidad de este sitio web, www.greska.cat, (en adelante, Sitio Web) la ostenta:&hellip;","_links":{"self":[{"href":"https:\/\/www.greska.cat\/es\/wp-json\/wp\/v2\/pages\/1551","targetHints":{"allow":["GET"]}}],"collection":[{"href":"https:\/\/www.greska.cat\/es\/wp-json\/wp\/v2\/pages"}],"about":[{"href":"https:\/\/www.greska.cat\/es\/wp-json\/wp\/v2\/types\/page"}],"author":[{"embeddable":true,"href":"https:\/\/www.greska.cat\/es\/wp-json\/wp\/v2\/users\/1"}],"replies":[{"embeddable":true,"href":"https:\/\/www.greska.cat\/es\/wp-json\/wp\/v2\/comments?post=1551"}],"version-history":[{"count":3,"href":"https:\/\/www.greska.cat\/es\/wp-json\/wp\/v2\/pages\/1551\/revisions"}],"predecessor-version":[{"id":1554,"href":"https:\/\/www.greska.cat\/es\/wp-json\/wp\/v2\/pages\/1551\/revisions\/1554"}],"wp:attachment":[{"href":"https:\/\/www.greska.cat\/es\/wp-json\/wp\/v2\/media?parent=1551"}],"curies":[{"name":"wp","href":"https:\/\/api.w.org\/{rel}","templated":true}]}}